{"id":1529,"date":"2021-01-25T15:01:25","date_gmt":"2021-01-25T15:01:25","guid":{"rendered":"https:\/\/www.segurosgarroferals.es\/?page_id=1529"},"modified":"2024-04-03T11:33:26","modified_gmt":"2024-04-03T11:33:26","slug":"quienes-somos","status":"publish","type":"page","link":"https:\/\/www.segurosgarroferals.es\/index.php\/quienes-somos\/","title":{"rendered":"Qui\u00e9nes somos"},"content":{"rendered":"\n<p>Garroferals es la corredur\u00eda de seguros de la <a href=\"http:\/\/www.avaasaja.org\/\">Asociaci\u00f3n Valenciana de Agricultores<\/a> (AVA-ASAJA). La especializaci\u00f3n de nuestros  t\u00e9cnicos en el \u00e1mbito agrario favorece que las p\u00f3lizas se adapten a las necesidades de cada caso y resuelvan del mejor modo posible los siniestros.<\/p>\n\n\n\n<p><br>La Corredur\u00eda Garroferals te asesora para cubrir los riesgos de manera adecuada tanto en la rama de seguros personales como profesionales. Ofrecemos un asesoramiento personalizado y objetivo, estudiando lo que necesita cada cliente y teniendo en cuenta las distintas opciones de seguros disponibles.<br><\/p>\n\n\n\n<div class=\"wp-block-image\"><figure class=\"aligncenter size-large\"><img loading=\"lazy\" width=\"724\" height=\"1024\" src=\"https:\/\/www.segurosgarroferals.es\/wp-content\/uploads\/2022\/10\/revista-julio-septiembre-724x1024.jpg\" alt=\"\" class=\"wp-image-1605\" srcset=\"https:\/\/www.segurosgarroferals.es\/wp-content\/uploads\/2022\/10\/revista-julio-septiembre-724x1024.jpg 724w, https:\/\/www.segurosgarroferals.es\/wp-content\/uploads\/2022\/10\/revista-julio-septiembre-212x300.jpg 212w, https:\/\/www.segurosgarroferals.es\/wp-content\/uploads\/2022\/10\/revista-julio-septiembre-768x1086.jpg 768w, https:\/\/www.segurosgarroferals.es\/wp-content\/uploads\/2022\/10\/revista-julio-septiembre-1086x1536.jpg 1086w, https:\/\/www.segurosgarroferals.es\/wp-content\/uploads\/2022\/10\/revista-julio-septiembre-1448x2048.jpg 1448w, https:\/\/www.segurosgarroferals.es\/wp-content\/uploads\/2022\/10\/revista-julio-septiembre-scaled.jpg 1810w\" sizes=\"(max-width: 724px) 100vw, 724px\" \/><\/figure><\/div>\n\n\n\n<p><\/p>\n\n\n\n<p><\/p>\n\n\n\n<h2 class=\"has-text-align-center\"><a href=\"https:\/\/www.segurosgarroferals.es\/index.php\/quienes-somos\/telefonos-de-asistencia\/\"><mark style=\"background-color:rgba(0, 0, 0, 0);color:#212573\" class=\"has-inline-color\">Tel\u00e9fonos de asistencia<\/mark><\/a><\/h2>\n","protected":false},"excerpt":{"rendered":"<p>Garroferals es la corredur\u00eda de seguros de la Asociaci\u00f3n Valenciana de Agricultores (AVA-ASAJA). La especializaci\u00f3n de nuestros t\u00e9cnicos en el \u00e1mbito agrario favorece que las p\u00f3lizas se adapten a las &#8230;<\/p>\n","protected":false},"author":1,"featured_media":1348,"parent":0,"menu_order":0,"comment_status":"closed","ping_status":"closed","template":"","meta":{"_seopress_robots_primary_cat":"","_seopress_titles_title":"","_seopress_titles_desc":"","_seopress_robots_index":""},"yoast_head":"<!-- This site is optimized with the Yoast SEO plugin v18.4.1 - https:\/\/yoast.com\/wordpress\/plugins\/seo\/ -->\n<title>Qui\u00e9nes somos - Seguros Garroferals<\/title>\n<meta name=\"robots\" content=\"index, follow, max-snippet:-1, max-image-preview:large, max-video-preview:-1\" \/>\n<link rel=\"canonical\" href=\"https:\/\/www.segurosgarroferals.es\/index.php\/quienes-somos\/\" \/>\n<meta property=\"og:locale\" content=\"es_ES\" \/>\n<meta property=\"og:type\" content=\"article\" \/>\n<meta property=\"og:title\" content=\"Qui\u00e9nes somos - Seguros Garroferals\" \/>\n<meta property=\"og:description\" content=\"Garroferals es la corredur\u00eda de seguros de la Asociaci\u00f3n Valenciana de Agricultores (AVA-ASAJA). La especializaci\u00f3n de nuestros t\u00e9cnicos en el \u00e1mbito agrario favorece que las p\u00f3lizas se adapten a las ...\" \/>\n<meta property=\"og:url\" content=\"https:\/\/www.segurosgarroferals.es\/index.php\/quienes-somos\/\" \/>\n<meta property=\"og:site_name\" content=\"Seguros Garroferals\" \/>\n<meta property=\"article:modified_time\" content=\"2024-04-03T11:33:26+00:00\" \/>\n<meta property=\"og:image\" content=\"https:\/\/www.segurosgarroferals.es\/wp-content\/uploads\/2021\/01\/CABECERA-WEB-GARROFERALS-1.png\" \/>\n\t<meta property=\"og:image:width\" content=\"314\" \/>\n\t<meta property=\"og:image:height\" content=\"200\" \/>\n\t<meta property=\"og:image:type\" content=\"image\/png\" \/>\n<meta name=\"twitter:card\" content=\"summary_large_image\" \/>\n<meta name=\"twitter:label1\" content=\"Tiempo de lectura\" \/>\n\t<meta name=\"twitter:data1\" content=\"1 minuto\" \/>\n<script type=\"application\/ld+json\" class=\"yoast-schema-graph\">{\"@context\":\"https:\/\/schema.org\",\"@graph\":[{\"@type\":\"Organization\",\"@id\":\"https:\/\/www.segurosgarroferals.es\/#organization\",\"name\":\"Garroferals Corredur\u00eda de Seguros S.L.\",\"url\":\"https:\/\/www.segurosgarroferals.es\/\",\"sameAs\":[\"https:\/\/www.youtube.com\/channel\/UCFg2Q2t8AUAj9pOHvp6UaXw\"],\"logo\":{\"@type\":\"ImageObject\",\"@id\":\"https:\/\/www.segurosgarroferals.es\/#logo\",\"inLanguage\":\"es\",\"url\":\"https:\/\/www.segurosgarroferals.es\/wp-content\/uploads\/2021\/01\/cropped-CABECERA-WEB-GARROFERALS-1-1.png\",\"contentUrl\":\"https:\/\/www.segurosgarroferals.es\/wp-content\/uploads\/2021\/01\/cropped-CABECERA-WEB-GARROFERALS-1-1.png\",\"width\":314,\"height\":123,\"caption\":\"Garroferals Corredur\u00eda de Seguros S.L.\"},\"image\":{\"@id\":\"https:\/\/www.segurosgarroferals.es\/#logo\"}},{\"@type\":\"WebSite\",\"@id\":\"https:\/\/www.segurosgarroferals.es\/#website\",\"url\":\"https:\/\/www.segurosgarroferals.es\/\",\"name\":\"Seguros Garroferals\",\"description\":\"Corredur\u00eda de Seguros\",\"publisher\":{\"@id\":\"https:\/\/www.segurosgarroferals.es\/#organization\"},\"potentialAction\":[{\"@type\":\"SearchAction\",\"target\":{\"@type\":\"EntryPoint\",\"urlTemplate\":\"https:\/\/www.segurosgarroferals.es\/?s={search_term_string}\"},\"query-input\":\"required name=search_term_string\"}],\"inLanguage\":\"es\"},{\"@type\":\"ImageObject\",\"@id\":\"https:\/\/www.segurosgarroferals.es\/index.php\/quienes-somos\/#primaryimage\",\"inLanguage\":\"es\",\"url\":\"https:\/\/www.segurosgarroferals.es\/wp-content\/uploads\/2021\/01\/CABECERA-WEB-GARROFERALS-1.png\",\"contentUrl\":\"https:\/\/www.segurosgarroferals.es\/wp-content\/uploads\/2021\/01\/CABECERA-WEB-GARROFERALS-1.png\",\"width\":314,\"height\":200},{\"@type\":\"WebPage\",\"@id\":\"https:\/\/www.segurosgarroferals.es\/index.php\/quienes-somos\/#webpage\",\"url\":\"https:\/\/www.segurosgarroferals.es\/index.php\/quienes-somos\/\",\"name\":\"Qui\u00e9nes somos - Seguros Garroferals\",\"isPartOf\":{\"@id\":\"https:\/\/www.segurosgarroferals.es\/#website\"},\"primaryImageOfPage\":{\"@id\":\"https:\/\/www.segurosgarroferals.es\/index.php\/quienes-somos\/#primaryimage\"},\"datePublished\":\"2021-01-25T15:01:25+00:00\",\"dateModified\":\"2024-04-03T11:33:26+00:00\",\"breadcrumb\":{\"@id\":\"https:\/\/www.segurosgarroferals.es\/index.php\/quienes-somos\/#breadcrumb\"},\"inLanguage\":\"es\",\"potentialAction\":[{\"@type\":\"ReadAction\",\"target\":[\"https:\/\/www.segurosgarroferals.es\/index.php\/quienes-somos\/\"]}]},{\"@type\":\"BreadcrumbList\",\"@id\":\"https:\/\/www.segurosgarroferals.es\/index.php\/quienes-somos\/#breadcrumb\",\"itemListElement\":[{\"@type\":\"ListItem\",\"position\":1,\"name\":\"Portada\",\"item\":\"https:\/\/www.segurosgarroferals.es\/\"},{\"@type\":\"ListItem\",\"position\":2,\"name\":\"Qui\u00e9nes somos\"}]}]}<\/script>\n<!-- \/ Yoast SEO plugin. -->","yoast_head_json":{"title":"Qui\u00e9nes somos - Seguros Garroferals","robots":{"index":"index","follow":"follow","max-snippet":"max-snippet:-1","max-image-preview":"max-image-preview:large","max-video-preview":"max-video-preview:-1"},"canonical":"https:\/\/www.segurosgarroferals.es\/index.php\/quienes-somos\/","og_locale":"es_ES","og_type":"article","og_title":"Qui\u00e9nes somos - Seguros Garroferals","og_description":"Garroferals es la corredur\u00eda de seguros de la Asociaci\u00f3n Valenciana de Agricultores (AVA-ASAJA). La especializaci\u00f3n de nuestros t\u00e9cnicos en el \u00e1mbito agrario favorece que las p\u00f3lizas se adapten a las ...","og_url":"https:\/\/www.segurosgarroferals.es\/index.php\/quienes-somos\/","og_site_name":"Seguros Garroferals","article_modified_time":"2024-04-03T11:33:26+00:00","og_image":[{"width":314,"height":200,"url":"https:\/\/www.segurosgarroferals.es\/wp-content\/uploads\/2021\/01\/CABECERA-WEB-GARROFERALS-1.png","type":"image\/png"}],"twitter_card":"summary_large_image","twitter_misc":{"Tiempo de lectura":"1 minuto"},"schema":{"@context":"https:\/\/schema.org","@graph":[{"@type":"Organization","@id":"https:\/\/www.segurosgarroferals.es\/#organization","name":"Garroferals Corredur\u00eda de Seguros S.L.","url":"https:\/\/www.segurosgarroferals.es\/","sameAs":["https:\/\/www.youtube.com\/channel\/UCFg2Q2t8AUAj9pOHvp6UaXw"],"logo":{"@type":"ImageObject","@id":"https:\/\/www.segurosgarroferals.es\/#logo","inLanguage":"es","url":"https:\/\/www.segurosgarroferals.es\/wp-content\/uploads\/2021\/01\/cropped-CABECERA-WEB-GARROFERALS-1-1.png","contentUrl":"https:\/\/www.segurosgarroferals.es\/wp-content\/uploads\/2021\/01\/cropped-CABECERA-WEB-GARROFERALS-1-1.png","width":314,"height":123,"caption":"Garroferals Corredur\u00eda de Seguros S.L."},"image":{"@id":"https:\/\/www.segurosgarroferals.es\/#logo"}},{"@type":"WebSite","@id":"https:\/\/www.segurosgarroferals.es\/#website","url":"https:\/\/www.segurosgarroferals.es\/","name":"Seguros Garroferals","description":"Corredur\u00eda de Seguros","publisher":{"@id":"https:\/\/www.segurosgarroferals.es\/#organization"},"potentialAction":[{"@type":"SearchAction","target":{"@type":"EntryPoint","urlTemplate":"https:\/\/www.segurosgarroferals.es\/?s={search_term_string}"},"query-input":"required name=search_term_string"}],"inLanguage":"es"},{"@type":"ImageObject","@id":"https:\/\/www.segurosgarroferals.es\/index.php\/quienes-somos\/#primaryimage","inLanguage":"es","url":"https:\/\/www.segurosgarroferals.es\/wp-content\/uploads\/2021\/01\/CABECERA-WEB-GARROFERALS-1.png","contentUrl":"https:\/\/www.segurosgarroferals.es\/wp-content\/uploads\/2021\/01\/CABECERA-WEB-GARROFERALS-1.png","width":314,"height":200},{"@type":"WebPage","@id":"https:\/\/www.segurosgarroferals.es\/index.php\/quienes-somos\/#webpage","url":"https:\/\/www.segurosgarroferals.es\/index.php\/quienes-somos\/","name":"Qui\u00e9nes somos - Seguros Garroferals","isPartOf":{"@id":"https:\/\/www.segurosgarroferals.es\/#website"},"primaryImageOfPage":{"@id":"https:\/\/www.segurosgarroferals.es\/index.php\/quienes-somos\/#primaryimage"},"datePublished":"2021-01-25T15:01:25+00:00","dateModified":"2024-04-03T11:33:26+00:00","breadcrumb":{"@id":"https:\/\/www.segurosgarroferals.es\/index.php\/quienes-somos\/#breadcrumb"},"inLanguage":"es","potentialAction":[{"@type":"ReadAction","target":["https:\/\/www.segurosgarroferals.es\/index.php\/quienes-somos\/"]}]},{"@type":"BreadcrumbList","@id":"https:\/\/www.segurosgarroferals.es\/index.php\/quienes-somos\/#breadcrumb","itemListElement":[{"@type":"ListItem","position":1,"name":"Portada","item":"https:\/\/www.segurosgarroferals.es\/"},{"@type":"ListItem","position":2,"name":"Qui\u00e9nes somos"}]}]}},"_links":{"self":[{"href":"https:\/\/www.segurosgarroferals.es\/index.php\/wp-json\/wp\/v2\/pages\/1529"}],"collection":[{"href":"https:\/\/www.segurosgarroferals.es\/index.php\/wp-json\/wp\/v2\/pages"}],"about":[{"href":"https:\/\/www.segurosgarroferals.es\/index.php\/wp-json\/wp\/v2\/types\/page"}],"author":[{"embeddable":true,"href":"https:\/\/www.segurosgarroferals.es\/index.php\/wp-json\/wp\/v2\/users\/1"}],"replies":[{"embeddable":true,"href":"https:\/\/www.segurosgarroferals.es\/index.php\/wp-json\/wp\/v2\/comments?post=1529"}],"version-history":[{"count":14,"href":"https:\/\/www.segurosgarroferals.es\/index.php\/wp-json\/wp\/v2\/pages\/1529\/revisions"}],"predecessor-version":[{"id":1816,"href":"https:\/\/www.segurosgarroferals.es\/index.php\/wp-json\/wp\/v2\/pages\/1529\/revisions\/1816"}],"wp:featuredmedia":[{"embeddable":true,"href":"https:\/\/www.segurosgarroferals.es\/index.php\/wp-json\/wp\/v2\/media\/1348"}],"wp:attachment":[{"href":"https:\/\/www.segurosgarroferals.es\/index.php\/wp-json\/wp\/v2\/media?parent=1529"}],"curies":[{"name":"wp","href":"https:\/\/api.w.org\/{rel}","templated":true}]}}